{"id":3005,"date":"2025-11-18T11:29:15","date_gmt":"2025-11-18T10:29:15","guid":{"rendered":"https:\/\/tellshoes.geekworkers.dev\/?post_type=product&#038;p=3005"},"modified":"2026-02-19T20:57:06","modified_gmt":"2026-02-19T19:57:06","slug":"eiszapfen","status":"publish","type":"product","link":"https:\/\/tellsshoes.ch\/de\/produits\/gotteron\/","title":{"rendered":"Gotteron"},"content":{"rendered":"<p><strong>TECHNISCHE DETAILS<\/strong><\/p>\n<ul>\n<li>ABROLLSTANGE: STARR<\/li>\n<li>ST\u00dcTZEN: STABILISATOREN<\/li>\n<li>SOHLE: 2 AUSNAHMBARE INNENSOHLE<\/li>\n<li>FUTTER: DIABETIKERFUTTER<\/li>\n<\/ul>\n<p><strong>HERSTELLUNG<\/strong><\/p>\n<ul>\n<li>HERSTELLUNG: FRANKREICH<\/li>\n<li>ENTWICKLUNG: SCHWEIZ<\/li>\n<li>HERKUNFT TEXTILIEN\/LEDER: FRANKREICH<\/li>\n<li>HERKUNFT DER SOHLE: PORTUGAL<\/li>\n<\/ul>","protected":false},"excerpt":{"rendered":"<p>Entdecken Sie das Modell GOTTERON, einen Herrenschuh, der Komfort, Halt und einen sportlichen Look bietet. Seine breite Sohle garantiert eine optimale Druckverteilung und bemerkenswerte Stabilit\u00e4t. Dank seiner praktischen \u00d6ffnung l\u00e4sst er sich im Alltag leicht anziehen. Mit diesem Modell genie\u00dfen Sie dauerhaften Komfort und einen vielseitigen Stil in jeder Situation.<\/p>","protected":false},"featured_media":3014,"template":"","meta":[],"product_brand":[],"product_cat":[30],"product_tag":[],"class_list":{"0":"post-3005","1":"product","2":"type-product","3":"status-publish","4":"has-post-thumbnail","6":"product_cat-homme","8":"first","9":"instock","10":"taxable","11":"shipping-taxable","12":"purchasable","13":"product-type-variable"},"_links":{"self":[{"href":"https:\/\/tellsshoes.ch\/de\/wp-json\/wp\/v2\/product\/3005","targetHints":{"allow":["GET"]}}],"collection":[{"href":"https:\/\/tellsshoes.ch\/de\/wp-json\/wp\/v2\/product"}],"about":[{"href":"https:\/\/tellsshoes.ch\/de\/wp-json\/wp\/v2\/types\/product"}],"wp:featuredmedia":[{"embeddable":true,"href":"https:\/\/tellsshoes.ch\/de\/wp-json\/wp\/v2\/media\/3014"}],"wp:attachment":[{"href":"https:\/\/tellsshoes.ch\/de\/wp-json\/wp\/v2\/media?parent=3005"}],"wp:term":[{"taxonomy":"product_brand","embeddable":true,"href":"https:\/\/tellsshoes.ch\/de\/wp-json\/wp\/v2\/product_brand?post=3005"},{"taxonomy":"product_cat","embeddable":true,"href":"https:\/\/tellsshoes.ch\/de\/wp-json\/wp\/v2\/product_cat?post=3005"},{"taxonomy":"product_tag","embeddable":true,"href":"https:\/\/tellsshoes.ch\/de\/wp-json\/wp\/v2\/product_tag?post=3005"}],"curies":[{"name":"wp","href":"https:\/\/api.w.org\/{rel}","templated":true}]}}