{"id":1579,"date":"2024-07-02T17:06:10","date_gmt":"2024-07-02T15:06:10","guid":{"rendered":"https:\/\/tellsshoes.ch\/?post_type=product&#038;p=1579"},"modified":"2026-02-19T20:41:22","modified_gmt":"2026-02-19T19:41:22","slug":"moleson","status":"publish","type":"product","link":"https:\/\/tellsshoes.ch\/de\/produits\/moleson\/","title":{"rendered":"MOLESON"},"content":{"rendered":"<p><strong>TECHNISCHE DETAILS<\/strong><\/p>\n<ul>\n<li>LEDER: GLATTES BRAUNES LEDER \/ BRAUNES NUBUKLEDER<\/li>\n<li>ABROLLSTANGE: STARR<\/li>\n<li>ST\u00dcTZEN: STABILISATOREN<\/li>\n<li>SOHLE: 2 AUSNAHMBARE INNENSOHLE<\/li>\n<li>FUTTER: DIABETIKERFUTTER<\/li>\n<\/ul>\n<p><strong>HERSTELLUNG<\/strong><\/p>\n<ul>\n<li>HERSTELLUNG: FRANKREICH<\/li>\n<li>ENTWICKLUNG: SCHWEIZ<\/li>\n<li>HERKUNFT TEXTIL \/ LEDER: FRANKREICH<\/li>\n<li>HERKUNFT DER SOHLE: PORTUGAL<\/li>\n<\/ul>","protected":false},"excerpt":{"rendered":"<p>Entdecken Sie das Modell MOLESON, den idealen Herrenschuh, der Komfort, Halt und eleganten Stil vereint. Seine breite Sohle sorgt f\u00fcr einen ausgeglichenen Druck und hohe Stabilit\u00e4t. Dank seiner praktischen \u00d6ffnung l\u00e4sst er sich leicht anziehen. Mit diesen Schuhen k\u00f6nnen Sie jede Situation bequem und elegant meistern.<\/p>","protected":false},"featured_media":2188,"template":"","meta":[],"product_brand":[],"product_cat":[30],"product_tag":[],"class_list":{"0":"post-1579","1":"product","2":"type-product","3":"status-publish","4":"has-post-thumbnail","6":"product_cat-homme","8":"first","9":"instock","10":"taxable","11":"shipping-taxable","12":"purchasable","13":"product-type-variable"},"_links":{"self":[{"href":"https:\/\/tellsshoes.ch\/de\/wp-json\/wp\/v2\/product\/1579","targetHints":{"allow":["GET"]}}],"collection":[{"href":"https:\/\/tellsshoes.ch\/de\/wp-json\/wp\/v2\/product"}],"about":[{"href":"https:\/\/tellsshoes.ch\/de\/wp-json\/wp\/v2\/types\/product"}],"wp:featuredmedia":[{"embeddable":true,"href":"https:\/\/tellsshoes.ch\/de\/wp-json\/wp\/v2\/media\/2188"}],"wp:attachment":[{"href":"https:\/\/tellsshoes.ch\/de\/wp-json\/wp\/v2\/media?parent=1579"}],"wp:term":[{"taxonomy":"product_brand","embeddable":true,"href":"https:\/\/tellsshoes.ch\/de\/wp-json\/wp\/v2\/product_brand?post=1579"},{"taxonomy":"product_cat","embeddable":true,"href":"https:\/\/tellsshoes.ch\/de\/wp-json\/wp\/v2\/product_cat?post=1579"},{"taxonomy":"product_tag","embeddable":true,"href":"https:\/\/tellsshoes.ch\/de\/wp-json\/wp\/v2\/product_tag?post=1579"}],"curies":[{"name":"wp","href":"https:\/\/api.w.org\/{rel}","templated":true}]}}