{"id":1577,"date":"2024-07-02T17:03:20","date_gmt":"2024-07-02T15:03:20","guid":{"rendered":"https:\/\/tellsshoes.ch\/?post_type=product&#038;p=1577"},"modified":"2026-04-24T11:49:02","modified_gmt":"2026-04-24T09:49:02","slug":"matterhorn","status":"publish","type":"product","link":"https:\/\/tellsshoes.ch\/de\/produits\/cervin\/","title":{"rendered":"CERVIN"},"content":{"rendered":"<p><strong>TECHNISCHE DETAILS<\/strong><\/p>\n<ul>\n<li>LEDER: GLATTES SCHWARZES LEDER \/ SCHWARZES NUBUKLEDER<\/li>\n<li>ABWALZSTANGE: STARR<\/li>\n<li>ST\u00dcTZEN: STABILISATOREN<\/li>\n<li>SOHLE: 2 AUSNEHMBARE INNENSOHLE<\/li>\n<li>FUTTER: DIABETIKERFUTTER<\/li>\n<\/ul>\n<p><strong>HERSTELLUNG<\/strong><\/p>\n<ul>\n<li>HERSTELLUNG: FRANKREICH<\/li>\n<li>ENTWICKLUNG: SCHWEIZ<\/li>\n<li>HERKUNFT TEXTILIEN\/LEDER: FRANKREICH<\/li>\n<li>HERKUNFT DER SOHLE: PORTUGAL<\/li>\n<\/ul>","protected":false},"excerpt":{"rendered":"<p>Tauchen Sie ein in die Welt des Modells CERVIN, dem Herrenschuh par excellence, der Komfort, Halt und eleganten Stil vereint. Mit seiner breiten Sohle sorgt er f\u00fcr einen ausgeglichenen Druck und optimale Stabilit\u00e4t. Dank seiner praktischen \u00d6ffnung l\u00e4sst er sich im Handumdrehen anziehen. Lassen Sie die Schuhe von CERVIN Ihr zuverl\u00e4ssiger Begleiter sein, um jede Situation mit Komfort und Klasse zu meistern.<\/p>","protected":false},"featured_media":2193,"template":"","meta":[],"product_brand":[],"product_cat":[30],"product_tag":[],"class_list":{"0":"post-1577","1":"product","2":"type-product","3":"status-publish","4":"has-post-thumbnail","6":"product_cat-homme","8":"first","9":"instock","10":"taxable","11":"shipping-taxable","12":"purchasable","13":"product-type-variable"},"_links":{"self":[{"href":"https:\/\/tellsshoes.ch\/de\/wp-json\/wp\/v2\/product\/1577","targetHints":{"allow":["GET"]}}],"collection":[{"href":"https:\/\/tellsshoes.ch\/de\/wp-json\/wp\/v2\/product"}],"about":[{"href":"https:\/\/tellsshoes.ch\/de\/wp-json\/wp\/v2\/types\/product"}],"wp:featuredmedia":[{"embeddable":true,"href":"https:\/\/tellsshoes.ch\/de\/wp-json\/wp\/v2\/media\/2193"}],"wp:attachment":[{"href":"https:\/\/tellsshoes.ch\/de\/wp-json\/wp\/v2\/media?parent=1577"}],"wp:term":[{"taxonomy":"product_brand","embeddable":true,"href":"https:\/\/tellsshoes.ch\/de\/wp-json\/wp\/v2\/product_brand?post=1577"},{"taxonomy":"product_cat","embeddable":true,"href":"https:\/\/tellsshoes.ch\/de\/wp-json\/wp\/v2\/product_cat?post=1577"},{"taxonomy":"product_tag","embeddable":true,"href":"https:\/\/tellsshoes.ch\/de\/wp-json\/wp\/v2\/product_tag?post=1577"}],"curies":[{"name":"wp","href":"https:\/\/api.w.org\/{rel}","templated":true}]}}