{"id":1576,"date":"2024-07-02T17:00:19","date_gmt":"2024-07-02T15:00:19","guid":{"rendered":"https:\/\/tellsshoes.ch\/?post_type=product&#038;p=1576"},"modified":"2026-05-07T05:19:16","modified_gmt":"2026-05-07T03:19:16","slug":"jungfrau","status":"publish","type":"product","link":"https:\/\/tellsshoes.ch\/de\/produits\/jungfrau\/","title":{"rendered":"JUNGFRAU"},"content":{"rendered":"<p><strong>TECHNISCHE DETAILS<\/strong><\/p>\n<ul>\n<li>LEDER: GLATTES WEISSES LEDER \/ BLAUES FANTASIE-LEDER<\/li>\n<li>ABWALZSTANGE: STARR<\/li>\n<li>ST\u00dcTZEN: STABILISATOREN<\/li>\n<li>SOHLE: 2 AUSNEHMBARE INNENSOHLE<\/li>\n<li>FUTTER: DIABETIKERFUTTER<\/li>\n<\/ul>\n<p><strong>HERSTELLUNG<\/strong><\/p>\n<ul>\n<li>HERSTELLUNG: FRANKREICH<\/li>\n<li>ENTWICKLUNG: SCHWEIZ<\/li>\n<li>HERKUNFT TEXTILIEN\/LEDER: FRANKREICH<\/li>\n<li>HERKUNFT DER SOHLE: PORTUGAL<\/li>\n<\/ul>","protected":false},"excerpt":{"rendered":"<p>Entdecken Sie das Modell JUNGFRAU, den ultimativen Damenschuh, der Komfort, Halt und raffinierten Stil vereint. Mit seiner breiten Sohle bietet er eine ausgewogene Druckverteilung und optimale Stabilit\u00e4t. Dank seines Schn\u00fcrsystems sitzt er perfekt. Die Schuhe von JUNGFRAU sind Ihre zuverl\u00e4ssigen Begleiter, mit denen Sie jede Situation mit Eleganz und unvergleichlichem Komfort meistern.<\/p>","protected":false},"featured_media":2199,"template":"","meta":[],"product_brand":[],"product_cat":[31],"product_tag":[],"class_list":{"0":"post-1576","1":"product","2":"type-product","3":"status-publish","4":"has-post-thumbnail","6":"product_cat-femme","8":"first","9":"instock","10":"taxable","11":"shipping-taxable","12":"purchasable","13":"product-type-variable"},"_links":{"self":[{"href":"https:\/\/tellsshoes.ch\/de\/wp-json\/wp\/v2\/product\/1576","targetHints":{"allow":["GET"]}}],"collection":[{"href":"https:\/\/tellsshoes.ch\/de\/wp-json\/wp\/v2\/product"}],"about":[{"href":"https:\/\/tellsshoes.ch\/de\/wp-json\/wp\/v2\/types\/product"}],"wp:featuredmedia":[{"embeddable":true,"href":"https:\/\/tellsshoes.ch\/de\/wp-json\/wp\/v2\/media\/2199"}],"wp:attachment":[{"href":"https:\/\/tellsshoes.ch\/de\/wp-json\/wp\/v2\/media?parent=1576"}],"wp:term":[{"taxonomy":"product_brand","embeddable":true,"href":"https:\/\/tellsshoes.ch\/de\/wp-json\/wp\/v2\/product_brand?post=1576"},{"taxonomy":"product_cat","embeddable":true,"href":"https:\/\/tellsshoes.ch\/de\/wp-json\/wp\/v2\/product_cat?post=1576"},{"taxonomy":"product_tag","embeddable":true,"href":"https:\/\/tellsshoes.ch\/de\/wp-json\/wp\/v2\/product_tag?post=1576"}],"curies":[{"name":"wp","href":"https:\/\/api.w.org\/{rel}","templated":true}]}}