{"id":1575,"date":"2024-07-02T16:57:19","date_gmt":"2024-07-02T14:57:19","guid":{"rendered":"https:\/\/tellsshoes.ch\/?post_type=product&#038;p=1575"},"modified":"2026-03-13T16:13:51","modified_gmt":"2026-03-13T15:13:51","slug":"adula","status":"publish","type":"product","link":"https:\/\/tellsshoes.ch\/de\/produits\/adula\/","title":{"rendered":"ADULA"},"content":{"rendered":"<p><strong>TECHNISCHE DETAILS<\/strong><\/p>\n<ul>\n<li>LEDER: GLATTES SCHWARZES LEDER \/ SCHWARZES FANTASIE-LEDER<\/li>\n<li>ABWALZSTANGE: STARR<\/li>\n<li>ST\u00dcTZEN: STABILISATOREN<\/li>\n<li>SOHLE: 2 AUSNEHMBARE INNENSOHLE<\/li>\n<li>FUTTER: DIABETIKERFUTTER<\/li>\n<\/ul>\n<p><strong>HERSTELLUNG<\/strong><\/p>\n<ul>\n<li>HERSTELLUNG: FRANKREICH<\/li>\n<li>ENTWICKLUNG: SCHWEIZ<\/li>\n<li>HERKUNFT TEXTILIEN\/LEDER: FRANKREICH<\/li>\n<li>HERKUNFT DER SOHLE: PORTUGAL<\/li>\n<\/ul>","protected":false},"excerpt":{"rendered":"<p>Entdecken Sie das Modell ADULA, den ultimativen Damenschuh, der Komfort, Unterst\u00fctzung und raffinierten Stil vereint. Sein gro\u00dfz\u00fcgiges Schuhvolumen gew\u00e4hrleistet eine ausgewogene Druckverteilung und optimale Stabilit\u00e4t. Mit dem praktischen Klettverschluss ist die Passform einwandfrei. Die ADULA Schuhe sind Ihre vertrauensw\u00fcrdigen Begleiter, um alle Situationen mit Eleganz und absolutem Komfort zu meistern.<\/p>","protected":false},"featured_media":2205,"template":"","meta":[],"product_brand":[],"product_cat":[31],"product_tag":[],"class_list":{"0":"post-1575","1":"product","2":"type-product","3":"status-publish","4":"has-post-thumbnail","6":"product_cat-femme","8":"first","9":"instock","10":"taxable","11":"shipping-taxable","12":"purchasable","13":"product-type-variable"},"_links":{"self":[{"href":"https:\/\/tellsshoes.ch\/de\/wp-json\/wp\/v2\/product\/1575","targetHints":{"allow":["GET"]}}],"collection":[{"href":"https:\/\/tellsshoes.ch\/de\/wp-json\/wp\/v2\/product"}],"about":[{"href":"https:\/\/tellsshoes.ch\/de\/wp-json\/wp\/v2\/types\/product"}],"wp:featuredmedia":[{"embeddable":true,"href":"https:\/\/tellsshoes.ch\/de\/wp-json\/wp\/v2\/media\/2205"}],"wp:attachment":[{"href":"https:\/\/tellsshoes.ch\/de\/wp-json\/wp\/v2\/media?parent=1575"}],"wp:term":[{"taxonomy":"product_brand","embeddable":true,"href":"https:\/\/tellsshoes.ch\/de\/wp-json\/wp\/v2\/product_brand?post=1575"},{"taxonomy":"product_cat","embeddable":true,"href":"https:\/\/tellsshoes.ch\/de\/wp-json\/wp\/v2\/product_cat?post=1575"},{"taxonomy":"product_tag","embeddable":true,"href":"https:\/\/tellsshoes.ch\/de\/wp-json\/wp\/v2\/product_tag?post=1575"}],"curies":[{"name":"wp","href":"https:\/\/api.w.org\/{rel}","templated":true}]}}