{"id":1574,"date":"2024-07-02T16:51:20","date_gmt":"2024-07-02T14:51:20","guid":{"rendered":"https:\/\/tellsshoes.ch\/?post_type=product&#038;p=1574"},"modified":"2026-03-24T12:44:03","modified_gmt":"2026-03-24T11:44:03","slug":"sanfter-berg","status":"publish","type":"product","link":"https:\/\/tellsshoes.ch\/de\/produits\/mont-tendre\/","title":{"rendered":"MONT-TENDRE"},"content":{"rendered":"<p><strong>TECHNISCHE DETAILS<\/strong><\/p>\n<ul>\n<li>LEDER: MARINEBLAUES TEXTIL \/ NUBUK<\/li>\n<li>ABWALZSTANGE: STARR<\/li>\n<li>ST\u00dcTZEN: STABILISATOREN<\/li>\n<li>SOHLE: 2 AUSNEHMBARE INNENSOHLE<\/li>\n<li>FUTTER: DIABETIKERFUTTER<\/li>\n<\/ul>\n<p><strong>HERSTELLUNG<\/strong><\/p>\n<ul>\n<li>HERSTELLUNG: FRANKREICH<\/li>\n<li>ENTWICKLUNG: SCHWEIZ<\/li>\n<li>HERKUNFT TEXTILIEN\/LEDER: FRANKREICH<\/li>\n<li>HERKUNFT DER SOHLE: PORTUGAL<\/li>\n<\/ul>","protected":false},"excerpt":{"rendered":"<p>Entdecken Sie unsere MONT-TENDRE Hausschuhe f\u00fcr Diabetiker. Elegantes Design, unvergleichlicher Komfort. Breite Sohle f\u00fcr gleichm\u00e4\u00dfigen Druck und Stabilit\u00e4t. Leicht anzuziehen. F\u00fcr Damen und Herren. Komfort und Eleganz garantiert. Zum Entspannen zu Hause mit Komfort, Stil und Selbstvertrauen.<\/p>","protected":false},"featured_media":2211,"template":"","meta":[],"product_brand":[],"product_cat":[32],"product_tag":[],"class_list":{"0":"post-1574","1":"product","2":"type-product","3":"status-publish","4":"has-post-thumbnail","6":"product_cat-homme_femme","8":"first","9":"instock","10":"taxable","11":"shipping-taxable","12":"purchasable","13":"product-type-variable"},"_links":{"self":[{"href":"https:\/\/tellsshoes.ch\/de\/wp-json\/wp\/v2\/product\/1574","targetHints":{"allow":["GET"]}}],"collection":[{"href":"https:\/\/tellsshoes.ch\/de\/wp-json\/wp\/v2\/product"}],"about":[{"href":"https:\/\/tellsshoes.ch\/de\/wp-json\/wp\/v2\/types\/product"}],"wp:featuredmedia":[{"embeddable":true,"href":"https:\/\/tellsshoes.ch\/de\/wp-json\/wp\/v2\/media\/2211"}],"wp:attachment":[{"href":"https:\/\/tellsshoes.ch\/de\/wp-json\/wp\/v2\/media?parent=1574"}],"wp:term":[{"taxonomy":"product_brand","embeddable":true,"href":"https:\/\/tellsshoes.ch\/de\/wp-json\/wp\/v2\/product_brand?post=1574"},{"taxonomy":"product_cat","embeddable":true,"href":"https:\/\/tellsshoes.ch\/de\/wp-json\/wp\/v2\/product_cat?post=1574"},{"taxonomy":"product_tag","embeddable":true,"href":"https:\/\/tellsshoes.ch\/de\/wp-json\/wp\/v2\/product_tag?post=1574"}],"curies":[{"name":"wp","href":"https:\/\/api.w.org\/{rel}","templated":true}]}}