{"id":1567,"date":"2024-07-02T15:47:05","date_gmt":"2024-07-02T13:47:05","guid":{"rendered":"https:\/\/tellsshoes.ch\/?post_type=product&#038;p=1567"},"modified":"2026-02-19T20:49:05","modified_gmt":"2026-02-19T19:49:05","slug":"pollux","status":"publish","type":"product","link":"https:\/\/tellsshoes.ch\/de\/produits\/pollux\/","title":{"rendered":"POLLUX"},"content":{"rendered":"<p><strong>TECHNISCHE DETAILS<\/strong><\/p>\n<ul>\n<li>LEDER: GLATTES SCHWARZES LEDER \/ SCHWARZES FANTASIE-LEDER<\/li>\n<li>ABROLLSTANGE: STARR<\/li>\n<li>ST\u00dcTZEN: STABILISATOREN<\/li>\n<li>SOHLE: 2 AUSNAHMBARE INNENSOHLE<\/li>\n<li>FUTTER: DIABETIKERFUTTER<\/li>\n<\/ul>\n<p><strong>HERSTELLUNG<\/strong><\/p>\n<ul>\n<li>HERSTELLUNG: FRANKREICH<\/li>\n<li>ENTWICKLUNG: SCHWEIZ<\/li>\n<li>HERKUNFT TEXTILIEN\/LEDER: FRANKREICH<\/li>\n<li>HERKUNFT DER SOHLE: PORTUGAL<\/li>\n<\/ul>","protected":false},"excerpt":{"rendered":"<p>Entdecken Sie die Vorteile des Modells POLLUX, einem au\u00dfergew\u00f6hnlichen Herrenschuh, der Komfort, Halt und raffinierte Eleganz gekonnt miteinander verbindet. Seine gro\u00dfz\u00fcgig dimensionierte Sohle sorgt f\u00fcr eine gleichm\u00e4\u00dfige Druckverteilung und bietet unvergleichliche Stabilit\u00e4t. Die clever gestaltete \u00d6ffnung des Schuhs erleichtert das Anziehen erheblich. Mit dem Modell POLLUX an Ihren F\u00fc\u00dfen sind Sie f\u00fcr alle Gelegenheiten ger\u00fcstet und verbinden h\u00f6chsten Komfort mit distinguiertem Stil.<\/p>","protected":false},"featured_media":2226,"template":"","meta":[],"product_brand":[],"product_cat":[31],"product_tag":[],"class_list":{"0":"post-1567","1":"product","2":"type-product","3":"status-publish","4":"has-post-thumbnail","6":"product_cat-femme","8":"first","9":"instock","10":"taxable","11":"shipping-taxable","12":"purchasable","13":"product-type-variable"},"_links":{"self":[{"href":"https:\/\/tellsshoes.ch\/de\/wp-json\/wp\/v2\/product\/1567","targetHints":{"allow":["GET"]}}],"collection":[{"href":"https:\/\/tellsshoes.ch\/de\/wp-json\/wp\/v2\/product"}],"about":[{"href":"https:\/\/tellsshoes.ch\/de\/wp-json\/wp\/v2\/types\/product"}],"wp:featuredmedia":[{"embeddable":true,"href":"https:\/\/tellsshoes.ch\/de\/wp-json\/wp\/v2\/media\/2226"}],"wp:attachment":[{"href":"https:\/\/tellsshoes.ch\/de\/wp-json\/wp\/v2\/media?parent=1567"}],"wp:term":[{"taxonomy":"product_brand","embeddable":true,"href":"https:\/\/tellsshoes.ch\/de\/wp-json\/wp\/v2\/product_brand?post=1567"},{"taxonomy":"product_cat","embeddable":true,"href":"https:\/\/tellsshoes.ch\/de\/wp-json\/wp\/v2\/product_cat?post=1567"},{"taxonomy":"product_tag","embeddable":true,"href":"https:\/\/tellsshoes.ch\/de\/wp-json\/wp\/v2\/product_tag?post=1567"}],"curies":[{"name":"wp","href":"https:\/\/api.w.org\/{rel}","templated":true}]}}