{"id":1566,"date":"2024-07-02T16:06:03","date_gmt":"2024-07-02T14:06:03","guid":{"rendered":"https:\/\/tellsshoes.ch\/?post_type=product&#038;p=1566"},"modified":"2026-02-19T20:43:19","modified_gmt":"2026-02-19T19:43:19","slug":"dom","status":"publish","type":"product","link":"https:\/\/tellsshoes.ch\/de\/produits\/dom\/","title":{"rendered":"DOM"},"content":{"rendered":"<p><strong>TECHNISCHE DETAILS<\/strong><\/p>\n<ul>\n<li>LEDER: GLATTES BRAUNES LEDER \/ BRAUNES NUBUKLEDER<\/li>\n<li>ABWALZSTANGE: STARR<\/li>\n<li>ST\u00dcTZEN: STABILISATOREN<\/li>\n<li>SOHLE: 2 AUSNEHMBARE INNENSOHLE<\/li>\n<li>FUTTER: DIABETIKERFUTTER<\/li>\n<\/ul>\n<p><strong>HERSTELLUNG<\/strong><\/p>\n<ul>\n<li>HERSTELLUNG: FRANKREICH<\/li>\n<li>ENTWICKLUNG: SCHWEIZ<\/li>\n<li>HERKUNFT TEXTILIEN\/LEDER: FRANKREICH<\/li>\n<li>HERKUNFT DER SOHLE: PORTUGAL<\/li>\n<\/ul>","protected":false},"excerpt":{"rendered":"<p>Entdecken Sie das Modell DOM, den Damenschuh, der Komfort, Halt und raffinierte Eleganz harmonisch miteinander verbindet. Dank seines gro\u00dfz\u00fcgigen Schuhvolumens bietet er eine perfekt ausgewogene Druckverteilung und sorgt f\u00fcr uneingeschr\u00e4nkte Stabilit\u00e4t. Die Schn\u00fcrung sorgt f\u00fcr eine pr\u00e4zise Passform. Entscheiden Sie sich f\u00fcr die Schuhe DOM, die Sie mit Anmut und unvergleichlichem Komfort bei all Ihren t\u00e4glichen Abenteuern begleiten.<\/p>","protected":false},"featured_media":2216,"template":"","meta":[],"product_brand":[],"product_cat":[30],"product_tag":[],"class_list":{"0":"post-1566","1":"product","2":"type-product","3":"status-publish","4":"has-post-thumbnail","6":"product_cat-homme","8":"first","9":"instock","10":"taxable","11":"shipping-taxable","12":"purchasable","13":"product-type-variable"},"_links":{"self":[{"href":"https:\/\/tellsshoes.ch\/de\/wp-json\/wp\/v2\/product\/1566","targetHints":{"allow":["GET"]}}],"collection":[{"href":"https:\/\/tellsshoes.ch\/de\/wp-json\/wp\/v2\/product"}],"about":[{"href":"https:\/\/tellsshoes.ch\/de\/wp-json\/wp\/v2\/types\/product"}],"wp:featuredmedia":[{"embeddable":true,"href":"https:\/\/tellsshoes.ch\/de\/wp-json\/wp\/v2\/media\/2216"}],"wp:attachment":[{"href":"https:\/\/tellsshoes.ch\/de\/wp-json\/wp\/v2\/media?parent=1566"}],"wp:term":[{"taxonomy":"product_brand","embeddable":true,"href":"https:\/\/tellsshoes.ch\/de\/wp-json\/wp\/v2\/product_brand?post=1566"},{"taxonomy":"product_cat","embeddable":true,"href":"https:\/\/tellsshoes.ch\/de\/wp-json\/wp\/v2\/product_cat?post=1566"},{"taxonomy":"product_tag","embeddable":true,"href":"https:\/\/tellsshoes.ch\/de\/wp-json\/wp\/v2\/product_tag?post=1566"}],"curies":[{"name":"wp","href":"https:\/\/api.w.org\/{rel}","templated":true}]}}